{"id":154,"date":"2025-11-18T16:52:05","date_gmt":"2025-11-18T16:52:05","guid":{"rendered":"https:\/\/playground.akokkos.com\/?page_id=154"},"modified":"2025-12-21T17:00:52","modified_gmt":"2025-12-21T17:00:52","slug":"atlas-linguistico-de-roraima","status":"publish","type":"page","link":"https:\/\/mvp.linguahistorica.com.br\/?page_id=154","title":{"rendered":"Atlas Lingu\u00edstico de Roraima"},"content":{"rendered":"\t\t<div data-elementor-type=\"wp-page\" data-elementor-id=\"154\" class=\"elementor elementor-154\" data-elementor-post-type=\"page\">\n\t\t\t\t<div class=\"elementor-element elementor-element-7a59bbc e-flex e-con-boxed e-con e-parent\" data-id=\"7a59bbc\" data-element_type=\"container\" data-e-type=\"container\" data-settings=\"{&quot;jet_parallax_layout_list&quot;:[]}\">\n\t\t\t\t\t<div class=\"e-con-inner\">\n\t\t\t\t<div class=\"elementor-element elementor-element-8cc2fb0 elementor-widget elementor-widget-heading\" data-id=\"8cc2fb0\" data-element_type=\"widget\" data-e-type=\"widget\" data-widget_type=\"heading.default\">\n\t\t\t\t\t<h1 class=\"elementor-heading-title elementor-size-default\">Atlas Lingu\u00edstico de Roraima\n<\/h1>\t\t\t\t<\/div>\n\t\t\t\t\t<\/div>\n\t\t\t\t<\/div>\n\t\t<div class=\"elementor-element elementor-element-687898f e-flex e-con-boxed e-con e-parent\" data-id=\"687898f\" data-element_type=\"container\" data-e-type=\"container\" data-settings=\"{&quot;jet_parallax_layout_list&quot;:[]}\">\n\t\t\t\t\t<div class=\"e-con-inner\">\n\t\t\t\t<div class=\"elementor-element elementor-element-18dde09 elementor-widget elementor-widget-heading\" data-id=\"18dde09\" data-element_type=\"widget\" data-e-type=\"widget\" data-widget_type=\"heading.default\">\n\t\t\t\t\t<h4 class=\"elementor-heading-title elementor-size-default\">Sobre<\/h4>\t\t\t\t<\/div>\n\t\t\t\t\t<\/div>\n\t\t\t\t<\/div>\n\t\t<div class=\"elementor-element elementor-element-cfaec9f e-flex e-con-boxed e-con e-parent\" data-id=\"cfaec9f\" data-element_type=\"container\" data-e-type=\"container\" data-settings=\"{&quot;jet_parallax_layout_list&quot;:[]}\">\n\t\t\t\t\t<div class=\"e-con-inner\">\n\t\t\t\t<div class=\"elementor-element elementor-element-90fd325 elementor-widget elementor-widget-text-editor\" data-id=\"90fd325\" data-element_type=\"widget\" data-e-type=\"widget\" data-widget_type=\"text-editor.default\">\n\t\t\t\t\t\t\t\t\t<p><span class=\"C9DxTc \">Projeto que objetiva mapear os usos lingu\u00edsticos do portugu\u00eas falado em Roraima, cuja metodologia alinha-se ao projeto nacional do Atlas Lingu\u00edstico do Brasil (<\/span><a class=\"XqQF9c\" href=\"https:\/\/alib.ufba.br\/\" target=\"_blank\" rel=\"noopener\"><span class=\"C9DxTc \">ALIB<\/span><\/a><span class=\"C9DxTc \">), atrav\u00e9s da a<\/span><span class=\"C9DxTc \">plica\u00e7\u00e3o de question\u00e1rios fon\u00e9tico-fonol\u00f3gico (QFF) com quest\u00f5es de pros\u00f3dia; da aplica\u00e7\u00e3o de question\u00e1rios sem\u00e2ntico-lexical (QSL); e da aplica\u00e7\u00e3o de question\u00e1rios morfossint\u00e1tico (QMS) com quest\u00f5es de pragm\u00e1tica e metalingu\u00edstica.<\/span><\/p>\t\t\t\t\t\t\t\t<\/div>\n\t\t\t\t\t<\/div>\n\t\t\t\t<\/div>\n\t\t<div class=\"elementor-element elementor-element-7095a42 e-flex e-con-boxed e-con e-parent\" data-id=\"7095a42\" data-element_type=\"container\" data-e-type=\"container\" data-settings=\"{&quot;jet_parallax_layout_list&quot;:[]}\">\n\t\t\t\t\t<div class=\"e-con-inner\">\n\t\t\t\t<div class=\"elementor-element elementor-element-c4e64f0 elementor-widget elementor-widget-heading\" data-id=\"c4e64f0\" data-element_type=\"widget\" data-e-type=\"widget\" data-widget_type=\"heading.default\">\n\t\t\t\t\t<h4 class=\"elementor-heading-title elementor-size-default\">Dados preliminares<\/h4>\t\t\t\t<\/div>\n\t\t\t\t<div class=\"elementor-element elementor-element-118f3a2 elementor-widget elementor-widget-text-editor\" data-id=\"118f3a2\" data-element_type=\"widget\" data-e-type=\"widget\" data-widget_type=\"text-editor.default\">\n\t\t\t\t\t\t\t\t\t<p class=\"zfr3Q CDt4Ke \" dir=\"ltr\"><span class=\"C9DxTc \">O NEPSol abriga pesquisas que buscam descrever a pluralidade sociolingu\u00edstica de\u00a0 Roraima, como constitui\u00e7\u00e3o de c\u00f3rpus oral e escrito, varia\u00e7\u00e3o lingu\u00edstica, topon\u00edmia, edi\u00e7\u00e3o de textos hist\u00f3ricos&#8230; e o projeto do Atlas Lingu\u00edstico de Roraima (ALIRR).<\/span><\/p><p class=\"zfr3Q CDt4Ke \" dir=\"ltr\"><span class=\"C9DxTc \">Neste momento, a equipe tem coletado dados para descrever a ditonga\u00e7\u00e3o de vogais diante de \/S\/ e a palataliza\u00e7\u00e3o de \/T\/ e \/D\/ diante de vogal, na capital Boa Vista.<\/span><\/p><p class=\"zfr3Q CDt4Ke \" dir=\"ltr\"><span class=\"C9DxTc \">A metodologia vincula-se ao Atlas Lingu\u00edstica do Brasil (ALIB), como o uso do question\u00e1rio fon\u00e9tico-fonol\u00f3gico (QFF) com grava\u00e7\u00e3o e transcri\u00e7\u00e3o das entrevistas.\u00a0<\/span><\/p><p class=\"zfr3Q CDt4Ke \" dir=\"ltr\"><span class=\"C9DxTc \">Outro crit\u00e9rio de coleta \u00e9 o informante ter nascido em Roraima, par\u00e2metro que orienta a sele\u00e7\u00e3o de 8 informantes desta seguinte forma:<\/span><\/p><ul class=\"n8H08c UVNKR \"><li class=\"zfr3Q TYR86d eD0Rn \" dir=\"ltr\"><p class=\"zfr3Q CDt4Ke \" dir=\"ltr\" role=\"presentation\"><span class=\"C9DxTc \">1 homem e 1 mulher de 18 a 30 anos com ensino fundamental;<\/span><\/p><\/li><li class=\"zfr3Q TYR86d eD0Rn \" dir=\"ltr\"><p class=\"zfr3Q CDt4Ke \" dir=\"ltr\" role=\"presentation\"><span class=\"C9DxTc \">1 homem e 1 mulher de 45 a 60 anos com ensino fundamental;<\/span><\/p><\/li><li class=\"zfr3Q TYR86d eD0Rn \" dir=\"ltr\"><p class=\"zfr3Q CDt4Ke \" dir=\"ltr\" role=\"presentation\"><span class=\"C9DxTc \">1 homem e 1 mulher de 18 a 30 anos com ensino superior; e<\/span><\/p><\/li><li class=\"zfr3Q TYR86d eD0Rn \" dir=\"ltr\"><p class=\"zfr3Q CDt4Ke \" dir=\"ltr\" role=\"presentation\"><span class=\"C9DxTc \">1 homem 1 mulher de 45 a 60 anos com ensino superior.<\/span><\/p><\/li><\/ul><p class=\"zfr3Q CDt4Ke \" dir=\"ltr\"><span class=\"C9DxTc \">\u00a0<\/span><\/p><p class=\"zfr3Q CDt4Ke \" dir=\"ltr\"><span class=\"C9DxTc \">O projeto ALIRR considera a import\u00e2ncia hist\u00f3rica de algumas regi\u00f5es de Boa Vista para sele\u00e7\u00e3o dos informantes. S\u00e3o estes os pontos de aplica\u00e7\u00e3o do inqu\u00e9rito:<\/span><\/p><p class=\"zfr3Q CDt4Ke \" dir=\"ltr\"><span class=\"C9DxTc \">Zona Sul:\u00a0<\/span><span class=\"C9DxTc \">5 bairros. 13.620 habitantes<\/span><\/p><p class=\"zfr3Q CDt4Ke \" dir=\"ltr\"><span class=\"C9DxTc \">Bairros selecionados:<\/span><\/p><p class=\"zfr3Q CDt4Ke \" dir=\"ltr\"><span class=\"C9DxTc \">1. Calung\u00e1,<\/span><\/p><p class=\"zfr3Q CDt4Ke \" dir=\"ltr\"><span class=\"C9DxTc \">2. Treze de Setembro<\/span><\/p><p class=\"zfr3Q CDt4Ke \" dir=\"ltr\"><span class=\"C9DxTc \">3. S\u00e3o Vicente<\/span><\/p><p class=\"zfr3Q CDt4Ke \" dir=\"ltr\"><span class=\"C9DxTc \">\u00a0<\/span><\/p><p class=\"zfr3Q CDt4Ke \" dir=\"ltr\"><span class=\"C9DxTc \">Zona Oeste:\u00a0<\/span><span class=\"C9DxTc \">32 bairros. 229.454 habitantes<\/span><\/p><p class=\"zfr3Q CDt4Ke \" dir=\"ltr\"><span class=\"C9DxTc \">Bairros selecionados:<\/span><\/p><p class=\"zfr3Q CDt4Ke \" dir=\"ltr\"><span class=\"C9DxTc \">1. Buritis,<\/span><\/p><p class=\"zfr3Q CDt4Ke \" dir=\"ltr\"><span class=\"C9DxTc \">2. Caran\u00e3<\/span><\/p><p class=\"zfr3Q CDt4Ke \" dir=\"ltr\"><span class=\"C9DxTc \">3. Pintol\u00e2ndia<\/span><\/p><p class=\"zfr3Q CDt4Ke \" dir=\"ltr\"><span class=\"C9DxTc \">\u00a0<\/span><\/p><p class=\"zfr3Q CDt4Ke \" dir=\"ltr\"><span class=\"C9DxTc \">Os voc\u00e1bulos selecionados pela an\u00e1lise s\u00e3o:\u00a0 luz (QFF 9), arroz (QFF 21), tr\u00eas (QFF 63), dez (QFF 64), voz (QFF 137), paz (QFF 155),\u00a0 portugu\u00eas (QFF 178) e surdez (QFF 182).<\/span><\/p><p class=\"zfr3Q CDt4Ke \" dir=\"ltr\"><span class=\"C9DxTc \">Adiante est\u00e3o alguns exemplos coletados pelas pesquisadoras do ALIRR sobre o processo da monotonga\u00e7\u00e3o:<\/span><\/p><ul class=\"n8H08c UVNKR \"><li class=\"zfr3Q TYR86d eD0Rn \" dir=\"ltr\"><ul class=\"n8H08c UVNKR \"><li class=\"zfr3Q TYR86d eD0Rn \" dir=\"ltr\"><p class=\"zfr3Q CDt4Ke \" dir=\"ltr\" role=\"presentation\"><span class=\"C9DxTc \">Paz: 14 realiza\u00e7\u00f5es [\u2018pajs]; 2 [\u2018paj\u0283]<\/span><\/p><\/li><li class=\"zfr3Q TYR86d eD0Rn \" dir=\"ltr\"><p class=\"zfr3Q CDt4Ke \" dir=\"ltr\" role=\"presentation\"><span class=\"C9DxTc \">Luz: 10 realiza\u00e7\u00f5es de [\u2018lujs]; 2 realiza\u00e7\u00f5es de [\u2018luj\u0283]; 4 n\u00e3o realizadas (energia);<\/span><\/p><\/li><li class=\"zfr3Q TYR86d eD0Rn \" dir=\"ltr\"><p class=\"zfr3Q CDt4Ke \" dir=\"ltr\" role=\"presentation\"><span class=\"C9DxTc \">Arroz: 1 realiza\u00e7\u00e3o [a\u2018hojzi] ; 14 [a\u2018hojs] ; 1 [a\u2018hoj\u0283]<\/span><\/p><\/li><li class=\"zfr3Q TYR86d eD0Rn \" dir=\"ltr\"><p class=\"zfr3Q CDt4Ke \" dir=\"ltr\" role=\"presentation\"><span class=\"C9DxTc \">Tr\u00eas: 14 realiza\u00e7\u00f5es [\u2018t\u027eejs]; 2 realiza\u00e7\u00f5es [\u2018t\u027eej\u0283]<\/span><\/p><\/li><li class=\"zfr3Q TYR86d eD0Rn \" dir=\"ltr\"><p class=\"zfr3Q CDt4Ke \" dir=\"ltr\" role=\"presentation\"><span class=\"C9DxTc \">Dez: 15 realiza\u00e7\u00f5es [\u2018d\u025bjs]; 1 realiza\u00e7\u00e3o [\u2018d\u025bj\u0283]<\/span><\/p><\/li><li class=\"zfr3Q TYR86d eD0Rn \" dir=\"ltr\"><p class=\"zfr3Q CDt4Ke \" dir=\"ltr\" role=\"presentation\"><span class=\"C9DxTc \">Voz: 15 realiza\u00e7\u00f5es [\u2018v\u0254js]; 1 [\u2018v\u0254j\u0283]<\/span><\/p><\/li><li class=\"zfr3Q TYR86d eD0Rn \" dir=\"ltr\"><p class=\"zfr3Q CDt4Ke \" dir=\"ltr\" role=\"presentation\"><span class=\"C9DxTc \">Portugu\u00eas: 12 realiza\u00e7\u00f5es [portu\u2018gejs]; 2 [p\u0254rtu\u2018gej\u0283]; 2 n\u00e3o realizadas<\/span><\/p><\/li><li class=\"zfr3Q TYR86d eD0Rn \" dir=\"ltr\"><p class=\"zfr3Q CDt4Ke \" dir=\"ltr\" role=\"presentation\"><span class=\"C9DxTc \">Surdez: 9 realiza\u00e7\u00f5es [sur\u2018dejs]; 7 n\u00e3o realizadas<\/span><\/p><\/li><\/ul><\/li><\/ul><h6 class=\"zfr3Q CDt4Ke \" dir=\"ltr\">\u00a0<\/h6>\t\t\t\t\t\t\t\t<\/div>\n\t\t\t\t<div class=\"elementor-element elementor-element-806459d elementor-widget__width-initial elementor-widget elementor-widget-text-editor\" data-id=\"806459d\" data-element_type=\"widget\" data-e-type=\"widget\" data-widget_type=\"text-editor.default\">\n\t\t\t\t\t\t\t\t\tFonte: MARTINS, Luzineth Rodrigues; MARTINS, Elecy Rodrigues; ARAUJO, Maria do Socorro Melo. Os estudos dialetol\u00f3gicos em Roraima: uma mostra da ditonga\u00e7\u00e3o na fala dos boa-vistenses.\u00a0Acta Semiotica et\u00a0 Linguistica, Palmas-TO, v. 30, n. 1, p. 78-94, 2024.\t\t\t\t\t\t\t\t<\/div>\n\t\t\t\t\t<\/div>\n\t\t\t\t<\/div>\n\t\t\t\t<\/div>\n\t\t","protected":false},"excerpt":{"rendered":"<p>Atlas Lingu\u00edstico de Roraima Sobre Projeto que objetiva mapear os usos lingu\u00edsticos do portugu\u00eas falado em Roraima, cuja metodologia alinha-se ao projeto nacional do Atlas Lingu\u00edstico do Brasil (ALIB), atrav\u00e9s da aplica\u00e7\u00e3o de question\u00e1rios fon\u00e9tico-fonol\u00f3gico (QFF) com quest\u00f5es de pros\u00f3dia; da aplica\u00e7\u00e3o de question\u00e1rios sem\u00e2ntico-lexical (QSL); e da aplica\u00e7\u00e3o de question\u00e1rios morfossint\u00e1tico (QMS) com quest\u00f5es [&hellip;]<\/p>\n","protected":false},"author":1,"featured_media":0,"parent":0,"menu_order":0,"comment_status":"closed","ping_status":"closed","template":"","meta":{"_acf_changed":false,"_jet_sm_ready_style":"","_jet_sm_style":"","_jet_sm_controls_values":"","_jet_sm_fonts_collection":"","_jet_sm_fonts_links":"","footnotes":""},"class_list":["post-154","page","type-page","status-publish","hentry"],"acf":[],"_hostinger_reach_plugin_has_subscription_block":false,"_hostinger_reach_plugin_is_elementor":false,"_links":{"self":[{"href":"https:\/\/mvp.linguahistorica.com.br\/index.php?rest_route=\/wp\/v2\/pages\/154","targetHints":{"allow":["GET"]}}],"collection":[{"href":"https:\/\/mvp.linguahistorica.com.br\/index.php?rest_route=\/wp\/v2\/pages"}],"about":[{"href":"https:\/\/mvp.linguahistorica.com.br\/index.php?rest_route=\/wp\/v2\/types\/page"}],"author":[{"embeddable":true,"href":"https:\/\/mvp.linguahistorica.com.br\/index.php?rest_route=\/wp\/v2\/users\/1"}],"replies":[{"embeddable":true,"href":"https:\/\/mvp.linguahistorica.com.br\/index.php?rest_route=%2Fwp%2Fv2%2Fcomments&post=154"}],"version-history":[{"count":7,"href":"https:\/\/mvp.linguahistorica.com.br\/index.php?rest_route=\/wp\/v2\/pages\/154\/revisions"}],"predecessor-version":[{"id":405,"href":"https:\/\/mvp.linguahistorica.com.br\/index.php?rest_route=\/wp\/v2\/pages\/154\/revisions\/405"}],"wp:attachment":[{"href":"https:\/\/mvp.linguahistorica.com.br\/index.php?rest_route=%2Fwp%2Fv2%2Fmedia&parent=154"}],"curies":[{"name":"wp","href":"https:\/\/api.w.org\/{rel}","templated":true}]}}