{"id":158,"date":"2025-11-18T16:52:43","date_gmt":"2025-11-18T16:52:43","guid":{"rendered":"https:\/\/playground.akokkos.com\/?page_id=158"},"modified":"2025-12-29T23:03:28","modified_gmt":"2025-12-29T23:03:28","slug":"historia-do-portugues-brasileiro-em-roraima","status":"publish","type":"page","link":"https:\/\/mvp.linguahistorica.com.br\/?page_id=158","title":{"rendered":"Hist\u00f3ria do Portugu\u00eas Brasileiro em Roraima"},"content":{"rendered":"\t\t<div data-elementor-type=\"wp-page\" data-elementor-id=\"158\" class=\"elementor elementor-158\" data-elementor-post-type=\"page\">\n\t\t\t\t<div class=\"elementor-element elementor-element-d3c6727 e-flex e-con-boxed e-con e-parent\" data-id=\"d3c6727\" data-element_type=\"container\" data-e-type=\"container\" data-settings=\"{&quot;jet_parallax_layout_list&quot;:[]}\">\n\t\t\t\t\t<div class=\"e-con-inner\">\n\t\t<div class=\"elementor-element elementor-element-b68f94a e-con-full e-flex e-con e-child\" data-id=\"b68f94a\" data-element_type=\"container\" data-e-type=\"container\" data-settings=\"{&quot;jet_parallax_layout_list&quot;:[]}\">\n\t\t\t\t<div class=\"elementor-element elementor-element-c4b8327 elementor-widget elementor-widget-heading\" data-id=\"c4b8327\" data-element_type=\"widget\" data-e-type=\"widget\" data-widget_type=\"heading.default\">\n\t\t\t\t\t<h1 class=\"elementor-heading-title elementor-size-default\">Hist\u00f3ria do Portugu\u00eas Brasileiro em Roraima<\/h1>\t\t\t\t<\/div>\n\t\t\t\t<\/div>\n\t\t\t\t\t<\/div>\n\t\t\t\t<\/div>\n\t\t<div class=\"elementor-element elementor-element-7f0965f e-flex e-con-boxed e-con e-parent\" data-id=\"7f0965f\" data-element_type=\"container\" data-e-type=\"container\" data-settings=\"{&quot;jet_parallax_layout_list&quot;:[]}\">\n\t\t\t\t\t<div class=\"e-con-inner\">\n\t\t\t\t<div class=\"elementor-element elementor-element-146856d elementor-widget elementor-widget-text-editor\" data-id=\"146856d\" data-element_type=\"widget\" data-e-type=\"widget\" data-widget_type=\"text-editor.default\">\n\t\t\t\t\t\t\t\t\t<p>Temos aqui algumas exposi\u00e7\u00f5es da hist\u00f3ria do portugu\u00eas brasileiro em Roraima<\/p>\t\t\t\t\t\t\t\t<\/div>\n\t\t\t\t\t<\/div>\n\t\t\t\t<\/div>\n\t\t<div class=\"elementor-element elementor-element-1928297 e-grid e-con-boxed e-con e-parent\" data-id=\"1928297\" data-element_type=\"container\" data-e-type=\"container\" data-settings=\"{&quot;jet_parallax_layout_list&quot;:[]}\">\n\t\t\t\t\t<div class=\"e-con-inner\">\n\t\t<div class=\"elementor-element elementor-element-58c0c2f e-con-full e-flex e-con e-child\" data-id=\"58c0c2f\" data-element_type=\"container\" data-e-type=\"container\" data-settings=\"{&quot;jet_parallax_layout_list&quot;:[]}\">\n\t\t\t\t<div class=\"elementor-element elementor-element-5f5faf4 elementor-widget elementor-widget-heading\" data-id=\"5f5faf4\" data-element_type=\"widget\" data-e-type=\"widget\" data-widget_type=\"heading.default\">\n\t\t\t\t\t<h3 class=\"elementor-heading-title elementor-size-default\"><a href=\"https:\/\/mvp.linguahistorica.com.br\/?page_id=309\">Mapas<\/a><\/h3>\t\t\t\t<\/div>\n\t\t\t\t<\/div>\n\t\t\t\t<div class=\"elementor-element elementor-element-a5459e7 elementor-widget elementor-widget-heading\" data-id=\"a5459e7\" data-element_type=\"widget\" data-e-type=\"widget\" data-widget_type=\"heading.default\">\n\t\t\t\t\t<h3 class=\"elementor-heading-title elementor-size-default\"><a href=\"https:\/\/mvp.linguahistorica.com.br\/?page_id=311\">Exposi\u00e7\u00e3o Virtual<\/a><\/h3>\t\t\t\t<\/div>\n\t\t\t\t<div class=\"elementor-element elementor-element-33e8120 elementor-widget elementor-widget-heading\" data-id=\"33e8120\" data-element_type=\"widget\" data-e-type=\"widget\" data-widget_type=\"heading.default\">\n\t\t\t\t\t<h3 class=\"elementor-heading-title elementor-size-default\"><a href=\"https:\/\/mvp.linguahistorica.com.br\/?page_id=313\">Portugu\u00eas de Roraima na M\u00eddia<\/a><\/h3>\t\t\t\t<\/div>\n\t\t\t\t\t<\/div>\n\t\t\t\t<\/div>\n\t\t\t\t<\/div>\n\t\t","protected":false},"excerpt":{"rendered":"<p>Hist\u00f3ria do Portugu\u00eas Brasileiro em Roraima Temos aqui algumas exposi\u00e7\u00f5es da hist\u00f3ria do portugu\u00eas brasileiro em Roraima Mapas Exposi\u00e7\u00e3o Virtual Portugu\u00eas de Roraima na M\u00eddia<\/p>\n","protected":false},"author":1,"featured_media":0,"parent":0,"menu_order":0,"comment_status":"closed","ping_status":"closed","template":"","meta":{"_acf_changed":false,"_jet_sm_ready_style":"","_jet_sm_style":"","_jet_sm_controls_values":"","_jet_sm_fonts_collection":"","_jet_sm_fonts_links":"","footnotes":""},"class_list":["post-158","page","type-page","status-publish","hentry"],"acf":[],"_hostinger_reach_plugin_has_subscription_block":false,"_hostinger_reach_plugin_is_elementor":false,"_links":{"self":[{"href":"https:\/\/mvp.linguahistorica.com.br\/index.php?rest_route=\/wp\/v2\/pages\/158","targetHints":{"allow":["GET"]}}],"collection":[{"href":"https:\/\/mvp.linguahistorica.com.br\/index.php?rest_route=\/wp\/v2\/pages"}],"about":[{"href":"https:\/\/mvp.linguahistorica.com.br\/index.php?rest_route=\/wp\/v2\/types\/page"}],"author":[{"embeddable":true,"href":"https:\/\/mvp.linguahistorica.com.br\/index.php?rest_route=\/wp\/v2\/users\/1"}],"replies":[{"embeddable":true,"href":"https:\/\/mvp.linguahistorica.com.br\/index.php?rest_route=%2Fwp%2Fv2%2Fcomments&post=158"}],"version-history":[{"count":10,"href":"https:\/\/mvp.linguahistorica.com.br\/index.php?rest_route=\/wp\/v2\/pages\/158\/revisions"}],"predecessor-version":[{"id":461,"href":"https:\/\/mvp.linguahistorica.com.br\/index.php?rest_route=\/wp\/v2\/pages\/158\/revisions\/461"}],"wp:attachment":[{"href":"https:\/\/mvp.linguahistorica.com.br\/index.php?rest_route=%2Fwp%2Fv2%2Fmedia&parent=158"}],"curies":[{"name":"wp","href":"https:\/\/api.w.org\/{rel}","templated":true}]}}