{"id":313,"date":"2025-12-09T17:03:49","date_gmt":"2025-12-09T17:03:49","guid":{"rendered":"https:\/\/playground.akokkos.com\/?page_id=313"},"modified":"2025-12-10T00:15:11","modified_gmt":"2025-12-10T00:15:11","slug":"portugues-de-roraima-na-midia","status":"publish","type":"page","link":"https:\/\/mvp.linguahistorica.com.br\/?page_id=313","title":{"rendered":"Portugu\u00eas de Roraima na M\u00eddia"},"content":{"rendered":"\t\t<div data-elementor-type=\"wp-page\" data-elementor-id=\"313\" class=\"elementor elementor-313\" data-elementor-post-type=\"page\">\n\t\t\t\t<div class=\"elementor-element elementor-element-ec3191f e-flex e-con-boxed e-con e-parent\" data-id=\"ec3191f\" data-element_type=\"container\" data-e-type=\"container\" data-settings=\"{&quot;jet_parallax_layout_list&quot;:[]}\">\n\t\t\t\t\t<div class=\"e-con-inner\">\n\t\t\t\t<div class=\"elementor-element elementor-element-92f95c6 elementor-widget elementor-widget-heading\" data-id=\"92f95c6\" data-element_type=\"widget\" data-e-type=\"widget\" data-widget_type=\"heading.default\">\n\t\t\t\t\t<h1 class=\"elementor-heading-title elementor-size-default\">Portugu\u00eas de Roraima na M\u00eddia\n<\/h1>\t\t\t\t<\/div>\n\t\t\t\t\t<\/div>\n\t\t\t\t<\/div>\n\t\t<div class=\"elementor-element elementor-element-35f74d9 e-flex e-con-boxed e-con e-parent\" data-id=\"35f74d9\" data-element_type=\"container\" data-e-type=\"container\" data-settings=\"{&quot;jet_parallax_layout_list&quot;:[]}\">\n\t\t\t\t\t<div class=\"e-con-inner\">\n\t\t\t\t<div class=\"elementor-element elementor-element-6d046ee elementor-widget elementor-widget-text-editor\" data-id=\"6d046ee\" data-element_type=\"widget\" data-e-type=\"widget\" data-widget_type=\"text-editor.default\">\n\t\t\t\t\t\t\t\t\t<p>Insira a descri\u00e7\u00e3o da p\u00e1gina<\/p>\t\t\t\t\t\t\t\t<\/div>\n\t\t\t\t\t<\/div>\n\t\t\t\t<\/div>\n\t\t<div class=\"elementor-element elementor-element-953dfca e-flex e-con-boxed e-con e-parent\" data-id=\"953dfca\" data-element_type=\"container\" data-e-type=\"container\" data-settings=\"{&quot;jet_parallax_layout_list&quot;:[]}\">\n\t\t\t\t\t<div class=\"e-con-inner\">\n\t\t\t\t<div class=\"elementor-element elementor-element-755b353 elementor-grid-1 elementor-grid-tablet-2 elementor-grid-mobile-1 elementor-widget elementor-widget-loop-grid\" data-id=\"755b353\" data-element_type=\"widget\" data-e-type=\"widget\" data-settings=\"{&quot;template_id&quot;:&quot;326&quot;,&quot;columns&quot;:1,&quot;pagination_type&quot;:&quot;load_more_infinite_scroll&quot;,&quot;row_gap&quot;:{&quot;unit&quot;:&quot;px&quot;,&quot;size&quot;:0,&quot;sizes&quot;:[]},&quot;_skin&quot;:&quot;post&quot;,&quot;columns_tablet&quot;:&quot;2&quot;,&quot;columns_mobile&quot;:&quot;1&quot;,&quot;edit_handle_selector&quot;:&quot;[data-elementor-type=\\&quot;loop-item\\&quot;]&quot;,&quot;load_more_spinner&quot;:{&quot;value&quot;:&quot;fas fa-spinner&quot;,&quot;library&quot;:&quot;fa-solid&quot;},&quot;row_gap_tablet&quot;:{&quot;unit&quot;:&quot;px&quot;,&quot;size&quot;:&quot;&quot;,&quot;sizes&quot;:[]},&quot;row_gap_mobile&quot;:{&quot;unit&quot;:&quot;px&quot;,&quot;size&quot;:&quot;&quot;,&quot;sizes&quot;:[]}}\" data-widget_type=\"loop-grid.post\">\n\t\t\t\t<div class=\"elementor-widget-container\">\n\t\t\t\t\t\t\t<div class=\"elementor-loop-container elementor-grid\" role=\"list\">\n\t\t<style id=\"loop-326\">.elementor-326 .elementor-element.elementor-element-bfa3cea{--display:flex;--flex-direction:row;--container-widget-width:initial;--container-widget-height:100%;--container-widget-flex-grow:1;--container-widget-align-self:stretch;--flex-wrap-mobile:wrap;--gap:0px 0px;--row-gap:0px;--column-gap:0px;}.elementor-326 .elementor-element.elementor-element-bfa3cea.e-con{--flex-grow:0;--flex-shrink:0;}.elementor-326 .elementor-element.elementor-element-1ad42c4{--display:flex;--flex-direction:row;--container-widget-width:calc( ( 1 - var( --container-widget-flex-grow ) ) * 100% );--container-widget-height:100%;--container-widget-flex-grow:1;--container-widget-align-self:stretch;--flex-wrap-mobile:wrap;--justify-content:flex-start;--align-items:flex-start;--gap:0px 0px;--row-gap:0px;--column-gap:0px;--flex-wrap:wrap;--align-content:flex-start;}.elementor-326 .elementor-element.elementor-element-1ad42c4.e-con{--flex-grow:0;--flex-shrink:0;}.elementor-326 .elementor-element.elementor-element-298dbb1 .elementor-wrapper{--video-aspect-ratio:2.33333;}.elementor-326 .elementor-element.elementor-element-298dbb1{width:var( --container-widget-width, 46vw );max-width:46vw;--container-widget-width:46vw;--container-widget-flex-grow:0;}.elementor-326 .elementor-element.elementor-element-298dbb1.elementor-element{--align-self:flex-start;--flex-grow:0;--flex-shrink:0;}.elementor-326 .elementor-element.elementor-element-97e94e6{--display:flex;--gap:0px 0px;--row-gap:0px;--column-gap:0px;--padding-top:0px;--padding-bottom:0px;--padding-left:0px;--padding-right:0px;}.elementor-326 .elementor-element.elementor-element-97e94e6.e-con{--flex-grow:0;--flex-shrink:0;}.elementor-326 .elementor-element.elementor-element-bc6ffc6{--display:flex;}.elementor-widget-heading .elementor-heading-title{font-family:var( --e-global-typography-primary-font-family ), Sans-serif;font-weight:var( --e-global-typography-primary-font-weight );color:var( --e-global-color-primary );}.elementor-326 .elementor-element.elementor-element-11b5a82 .elementor-heading-title{font-family:\"Roboto\", Sans-serif;font-size:18px;font-weight:600;}.elementor-326 .elementor-element.elementor-element-11b5a82{width:var( --container-widget-width, 20vw );max-width:20vw;--container-widget-width:20vw;--container-widget-flex-grow:0;}.elementor-326 .elementor-element.elementor-element-0000845{--display:flex;}.elementor-widget-text-editor{font-family:var( --e-global-typography-text-font-family ), Sans-serif;font-weight:var( --e-global-typography-text-font-weight );color:var( --e-global-color-text );}.elementor-widget-text-editor.elementor-drop-cap-view-stacked .elementor-drop-cap{background-color:var( --e-global-color-primary );}.elementor-widget-text-editor.elementor-drop-cap-view-framed .elementor-drop-cap, .elementor-widget-text-editor.elementor-drop-cap-view-default .elementor-drop-cap{color:var( --e-global-color-primary );border-color:var( --e-global-color-primary );}.elementor-326 .elementor-element.elementor-element-f46062c{column-gap:0px;text-align:start;font-family:\"Roboto\", Sans-serif;font-size:16px;font-weight:400;width:var( --container-widget-width, 30vw );max-width:30vw;--container-widget-width:30vw;--container-widget-flex-grow:0;}.elementor-326 .elementor-element.elementor-element-f46062c p{margin-block-end:4px;}.elementor-326 .elementor-element.elementor-element-f46062c.elementor-element{--flex-grow:0;--flex-shrink:0;}@media(min-width:768px){.elementor-326 .elementor-element.elementor-element-bfa3cea{--width:94.853%;}.elementor-326 .elementor-element.elementor-element-1ad42c4{--width:65.713%;}.elementor-326 .elementor-element.elementor-element-97e94e6{--width:90%;}}<\/style>\t\t<div data-elementor-type=\"loop-item\" data-elementor-id=\"326\" class=\"elementor elementor-326 e-loop-item e-loop-item-368 post-368 roraima_midia type-roraima_midia status-publish hentry\" data-elementor-post-type=\"elementor_library\" data-custom-edit-handle=\"1\">\n\t\t\t<div class=\"elementor-element elementor-element-bfa3cea e-con-full e-flex e-con e-parent\" data-id=\"bfa3cea\" data-element_type=\"container\" data-e-type=\"container\" data-settings=\"{&quot;jet_parallax_layout_list&quot;:[]}\">\n\t\t<div class=\"elementor-element elementor-element-1ad42c4 e-con-full e-flex e-con e-child\" data-id=\"1ad42c4\" data-element_type=\"container\" data-e-type=\"container\" data-settings=\"{&quot;jet_parallax_layout_list&quot;:[]}\">\n\t\t\t\t<div class=\"elementor-element elementor-element-298dbb1 elementor-widget__width-initial elementor-widget elementor-widget-video\" data-id=\"298dbb1\" data-element_type=\"widget\" data-e-type=\"widget\" data-settings=\"{&quot;youtube_url&quot;:&quot;https:\\\/\\\/youtu.be\\\/rrFm1PwA764&quot;,&quot;cc_load_policy&quot;:&quot;yes&quot;,&quot;video_type&quot;:&quot;youtube&quot;,&quot;controls&quot;:&quot;yes&quot;}\" data-widget_type=\"video.default\">\n\t\t\t\t\t\t\t<div class=\"elementor-wrapper elementor-open-inline\">\n\t\t\t<div class=\"elementor-video\"><\/div>\t\t<\/div>\n\t\t\t\t\t\t<\/div>\n\t\t\t\t<\/div>\n\t\t<div class=\"elementor-element elementor-element-97e94e6 e-con-full e-flex e-con e-child\" data-id=\"97e94e6\" data-element_type=\"container\" data-e-type=\"container\" data-settings=\"{&quot;jet_parallax_layout_list&quot;:[]}\">\n\t\t<div class=\"elementor-element elementor-element-bc6ffc6 e-con-full e-flex e-con e-child\" data-id=\"bc6ffc6\" data-element_type=\"container\" data-e-type=\"container\" data-settings=\"{&quot;jet_parallax_layout_list&quot;:[]}\">\n\t\t\t\t<div class=\"elementor-element elementor-element-11b5a82 elementor-widget__width-initial elementor-widget elementor-widget-heading\" data-id=\"11b5a82\" data-element_type=\"widget\" data-e-type=\"widget\" data-widget_type=\"heading.default\">\n\t\t\t\t\t<h2 class=\"elementor-heading-title elementor-size-default\">II Simp\u00f3sio de Estudos Lingu\u00edsticos na Amaz\u00f4nia<\/h2>\t\t\t\t<\/div>\n\t\t\t\t<\/div>\n\t\t<div class=\"elementor-element elementor-element-0000845 e-con-full e-flex e-con e-child\" data-id=\"0000845\" data-element_type=\"container\" data-e-type=\"container\" data-settings=\"{&quot;jet_parallax_layout_list&quot;:[]}\">\n\t\t\t\t<div class=\"elementor-element elementor-element-f46062c elementor-widget__width-initial elementor-widget elementor-widget-text-editor\" data-id=\"f46062c\" data-element_type=\"widget\" data-e-type=\"widget\" data-widget_type=\"text-editor.default\">\n\t\t\t\t\t\t\t\t\tPresen\u00e7a do Espanhol na Paisagem Lingu\u00edstica de Boa Vista-RR\r\nPor Carlos Gutemberg Silva Mendes e Eliabe Proc\u00f3pio\r\nConstitui\u00e7\u00e3o de um c\u00f3rpus para o portugu\u00eas de Roraima &#8211; S\u00e9c. XVIII\r\nPor Eliabe Proc\u00f3pio\r\n\r\n12 abril 2023\t\t\t\t\t\t\t\t<\/div>\n\t\t\t\t<\/div>\n\t\t\t\t<\/div>\n\t\t\t\t<\/div>\n\t\t\t\t<\/div>\n\t\t\t\t<div data-elementor-type=\"loop-item\" data-elementor-id=\"326\" class=\"elementor elementor-326 e-loop-item e-loop-item-361 post-361 roraima_midia type-roraima_midia status-publish hentry\" data-elementor-post-type=\"elementor_library\" data-custom-edit-handle=\"1\">\n\t\t\t<div class=\"elementor-element elementor-element-bfa3cea e-con-full e-flex e-con e-parent\" data-id=\"bfa3cea\" data-element_type=\"container\" data-e-type=\"container\" data-settings=\"{&quot;jet_parallax_layout_list&quot;:[]}\">\n\t\t<div class=\"elementor-element elementor-element-1ad42c4 e-con-full e-flex e-con e-child\" data-id=\"1ad42c4\" data-element_type=\"container\" data-e-type=\"container\" data-settings=\"{&quot;jet_parallax_layout_list&quot;:[]}\">\n\t\t\t\t<div class=\"elementor-element elementor-element-298dbb1 elementor-widget__width-initial elementor-widget elementor-widget-video\" data-id=\"298dbb1\" data-element_type=\"widget\" data-e-type=\"widget\" data-settings=\"{&quot;youtube_url&quot;:&quot;https:\\\/\\\/youtu.be\\\/o7CgloJkXC0&quot;,&quot;cc_load_policy&quot;:&quot;yes&quot;,&quot;video_type&quot;:&quot;youtube&quot;,&quot;controls&quot;:&quot;yes&quot;}\" data-widget_type=\"video.default\">\n\t\t\t\t\t\t\t<div class=\"elementor-wrapper elementor-open-inline\">\n\t\t\t<div class=\"elementor-video\"><\/div>\t\t<\/div>\n\t\t\t\t\t\t<\/div>\n\t\t\t\t<\/div>\n\t\t<div class=\"elementor-element elementor-element-97e94e6 e-con-full e-flex e-con e-child\" data-id=\"97e94e6\" data-element_type=\"container\" data-e-type=\"container\" data-settings=\"{&quot;jet_parallax_layout_list&quot;:[]}\">\n\t\t<div class=\"elementor-element elementor-element-bc6ffc6 e-con-full e-flex e-con e-child\" data-id=\"bc6ffc6\" data-element_type=\"container\" data-e-type=\"container\" data-settings=\"{&quot;jet_parallax_layout_list&quot;:[]}\">\n\t\t\t\t<div class=\"elementor-element elementor-element-11b5a82 elementor-widget__width-initial elementor-widget elementor-widget-heading\" data-id=\"11b5a82\" data-element_type=\"widget\" data-e-type=\"widget\" data-widget_type=\"heading.default\">\n\t\t\t\t\t<h2 class=\"elementor-heading-title elementor-size-default\">II Simp\u00f3sio de Estudos Lingu\u00edsticos na Amaz\u00f4nia<\/h2>\t\t\t\t<\/div>\n\t\t\t\t<\/div>\n\t\t<div class=\"elementor-element elementor-element-0000845 e-con-full e-flex e-con e-child\" data-id=\"0000845\" data-element_type=\"container\" data-e-type=\"container\" data-settings=\"{&quot;jet_parallax_layout_list&quot;:[]}\">\n\t\t\t\t<div class=\"elementor-element elementor-element-f46062c elementor-widget__width-initial elementor-widget elementor-widget-text-editor\" data-id=\"f46062c\" data-element_type=\"widget\" data-e-type=\"widget\" data-widget_type=\"text-editor.default\">\n\t\t\t\t\t\t\t\t\tRevis\u00e3o Sistem\u00e1tica dos Estudos de Contato entre Portugu\u00eas\/Espanhol na Regi\u00e3o Amaz\u00f4nica\r\n\r\nPor Diana Coutinho Mangabeira e Rafaela dos Santos Morgade\r\n\r\nContato Lingu\u00edsticos na Produ\u00e7\u00e3o Textual de Alunos Hispanofalantes do Ensino Fundamental II\r\n\r\nPor Fabricio Paiva Mota e Diana Coutinho Mangabeira\r\n\r\nMedia\u00e7\u00e3o da sess\u00e3o de comunica\u00e7\u00e3o: Edna Oliveira\r\n14 abril 2023\t\t\t\t\t\t\t\t<\/div>\n\t\t\t\t<\/div>\n\t\t\t\t<\/div>\n\t\t\t\t<\/div>\n\t\t\t\t<\/div>\n\t\t\t\t<\/div>\n\t\t\t\t\t<span class=\"e-load-more-spinner\">\n\t\t\t\t<svg aria-hidden=\"true\" class=\"e-font-icon-svg e-fas-spinner\" viewBox=\"0 0 512 512\" xmlns=\"http:\/\/www.w3.org\/2000\/svg\"><path d=\"M304 48c0 26.51-21.49 48-48 48s-48-21.49-48-48 21.49-48 48-48 48 21.49 48 48zm-48 368c-26.51 0-48 21.49-48 48s21.49 48 48 48 48-21.49 48-48-21.49-48-48-48zm208-208c-26.51 0-48 21.49-48 48s21.49 48 48 48 48-21.49 48-48-21.49-48-48-48zM96 256c0-26.51-21.49-48-48-48S0 229.49 0 256s21.49 48 48 48 48-21.49 48-48zm12.922 99.078c-26.51 0-48 21.49-48 48s21.49 48 48 48 48-21.49 48-48c0-26.509-21.491-48-48-48zm294.156 0c-26.51 0-48 21.49-48 48s21.49 48 48 48 48-21.49 48-48c0-26.509-21.49-48-48-48zM108.922 60.922c-26.51 0-48 21.49-48 48s21.49 48 48 48 48-21.49 48-48-21.491-48-48-48z\"><\/path><\/svg>\t\t\t<\/span>\n\t\t\n\t\t\t\t\t\t<\/div>\n\t\t\t\t<\/div>\n\t\t\t\t\t<\/div>\n\t\t\t\t<\/div>\n\t\t\t\t<\/div>\n\t\t","protected":false},"excerpt":{"rendered":"<p>Portugu\u00eas de Roraima na M\u00eddia Insira a descri\u00e7\u00e3o da p\u00e1gina<\/p>\n","protected":false},"author":2,"featured_media":0,"parent":0,"menu_order":0,"comment_status":"closed","ping_status":"closed","template":"","meta":{"_acf_changed":false,"_jet_sm_ready_style":"","_jet_sm_style":"","_jet_sm_controls_values":"","_jet_sm_fonts_collection":"","_jet_sm_fonts_links":"","footnotes":""},"class_list":["post-313","page","type-page","status-publish","hentry"],"acf":[],"_hostinger_reach_plugin_has_subscription_block":false,"_hostinger_reach_plugin_is_elementor":false,"_links":{"self":[{"href":"https:\/\/mvp.linguahistorica.com.br\/index.php?rest_route=\/wp\/v2\/pages\/313","targetHints":{"allow":["GET"]}}],"collection":[{"href":"https:\/\/mvp.linguahistorica.com.br\/index.php?rest_route=\/wp\/v2\/pages"}],"about":[{"href":"https:\/\/mvp.linguahistorica.com.br\/index.php?rest_route=\/wp\/v2\/types\/page"}],"author":[{"embeddable":true,"href":"https:\/\/mvp.linguahistorica.com.br\/index.php?rest_route=\/wp\/v2\/users\/2"}],"replies":[{"embeddable":true,"href":"https:\/\/mvp.linguahistorica.com.br\/index.php?rest_route=%2Fwp%2Fv2%2Fcomments&post=313"}],"version-history":[{"count":7,"href":"https:\/\/mvp.linguahistorica.com.br\/index.php?rest_route=\/wp\/v2\/pages\/313\/revisions"}],"predecessor-version":[{"id":385,"href":"https:\/\/mvp.linguahistorica.com.br\/index.php?rest_route=\/wp\/v2\/pages\/313\/revisions\/385"}],"wp:attachment":[{"href":"https:\/\/mvp.linguahistorica.com.br\/index.php?rest_route=%2Fwp%2Fv2%2Fmedia&parent=313"}],"curies":[{"name":"wp","href":"https:\/\/api.w.org\/{rel}","templated":true}]}}